{"id":33,"date":"2018-04-15T11:53:22","date_gmt":"2018-04-15T09:53:22","guid":{"rendered":"http:\/\/schmause-blog.de\/?page_id=33"},"modified":"2018-05-26T15:38:38","modified_gmt":"2018-05-26T13:38:38","slug":"about-schmausen-and-us","status":"publish","type":"page","link":"https:\/\/schmause-blog.de\/?page_id=33","title":{"rendered":"About SCHMAUSEN and us&#8230;"},"content":{"rendered":"<p><img fetchpriority=\"high\" decoding=\"async\" class=\"size-medium wp-image-34 alignleft\" src=\"http:\/\/schmause-blog.de\/wp-content\/uploads\/2018\/04\/Tisch-e1523785979943-169x300.jpg\" alt=\"\" width=\"169\" height=\"300\" srcset=\"https:\/\/schmause-blog.de\/wp-content\/uploads\/2018\/04\/Tisch-e1523785979943-169x300.jpg 169w, https:\/\/schmause-blog.de\/wp-content\/uploads\/2018\/04\/Tisch-e1523785979943-768x1365.jpg 768w, https:\/\/schmause-blog.de\/wp-content\/uploads\/2018\/04\/Tisch-e1523785979943-576x1024.jpg 576w\" sizes=\"(max-width: 169px) 100vw, 169px\" \/><\/p>\n<p>Sch\u00f6n, dass Du den Weg zu uns gefunden hast! \ud83d\ude42<\/p>\n<p>Aber &#8222;SCHMAUSE&#8220;??? Was soll das bitte f\u00fcr ein Blog sein? SCHMAUSEN steht f\u00fcr &#8222;vergn\u00fcgt und mit Genuss essen&#8220;.<\/p>\n<p>Und darum geht es in unserem Blog &#8211; Kochen und Backen in all seinen Facetten und vor allem mit Genuss.<\/p>\n<p>Hier zeigen wir Dir w\u00f6chtenlich neue Lieblingsrezepte aus unserer erprobten Rezeptsammlung. Beim Kochen setzen wir hierbei oft auf selbst hergestellte Zutaten, wie z.B. Gem\u00fcsebr\u00fche, diverse Fonds, selbstgemachten Vanillezucker und nutzen &#8211; sofern es unser kleiner Garten zul\u00e4sst &#8211; Zutaten aus eigenem Anbau &#8211; Kr\u00e4uter, Salate lassen gr\u00fc\u00dfen \ud83d\ude09<\/p>\n<p>Zusatzstoffe, Geschmacksverst\u00e4rker und Co. werden\u00a0 Dir in unseren Rezepten daher ganz sicher nicht begegnen.<\/p>\n<p>Au\u00dferdem liegt und das Unverf\u00e4lschte und Echte am Herzen. So verzichten wir bei all unseren Fotos auf gestellte, inzenierte oder nachbearbeitete Fotos. Alles, was du zu sehen bekommst, ist zu 100% echt und unverf\u00e4lscht.<\/p>\n<p>Viel Spa\u00df beim St\u00f6bern, Nachkochen \/ -backen und vor allem SCHMAUSEN w\u00fcnschen<\/p>\n<p>Julia &amp; Michael<\/p>\n<p>&nbsp;<\/p>\n<p>&nbsp;<\/p>\n","protected":false},"excerpt":{"rendered":"<p>Sch\u00f6n, dass Du den Weg zu uns gefunden hast! \ud83d\ude42 Aber &#8222;SCHMAUSE&#8220;??? Was soll das bitte f\u00fcr ein Blog sein? SCHMAUSEN steht f\u00fcr &#8222;vergn\u00fcgt und mit Genuss essen&#8220;. Und darum geht es in unserem Blog &#8211; Kochen und Backen in all seinen Facetten und vor allem mit Genuss. Hier zeigen wir Dir w\u00f6chtenlich neue Lieblingsrezepte [&hellip;]<\/p>\n","protected":false},"author":1,"featured_media":39,"parent":0,"menu_order":0,"comment_status":"closed","ping_status":"closed","template":"","meta":{"footnotes":""},"class_list":["post-33","page","type-page","status-publish","has-post-thumbnail","hentry"],"_links":{"self":[{"href":"https:\/\/schmause-blog.de\/index.php?rest_route=\/wp\/v2\/pages\/33","targetHints":{"allow":["GET"]}}],"collection":[{"href":"https:\/\/schmause-blog.de\/index.php?rest_route=\/wp\/v2\/pages"}],"about":[{"href":"https:\/\/schmause-blog.de\/index.php?rest_route=\/wp\/v2\/types\/page"}],"author":[{"embeddable":true,"href":"https:\/\/schmause-blog.de\/index.php?rest_route=\/wp\/v2\/users\/1"}],"replies":[{"embeddable":true,"href":"https:\/\/schmause-blog.de\/index.php?rest_route=%2Fwp%2Fv2%2Fcomments&post=33"}],"version-history":[{"count":3,"href":"https:\/\/schmause-blog.de\/index.php?rest_route=\/wp\/v2\/pages\/33\/revisions"}],"predecessor-version":[{"id":89,"href":"https:\/\/schmause-blog.de\/index.php?rest_route=\/wp\/v2\/pages\/33\/revisions\/89"}],"wp:featuredmedia":[{"embeddable":true,"href":"https:\/\/schmause-blog.de\/index.php?rest_route=\/wp\/v2\/media\/39"}],"wp:attachment":[{"href":"https:\/\/schmause-blog.de\/index.php?rest_route=%2Fwp%2Fv2%2Fmedia&parent=33"}],"curies":[{"name":"wp","href":"https:\/\/api.w.org\/{rel}","templated":true}]}}